{"id":237308,"date":"2020-04-19T11:24:45","date_gmt":"2020-04-19T15:24:45","guid":{"rendered":"https:\/\/germina.ca\/produit2\/organic-germix-alfalfa-clover-radish\/"},"modified":"2026-01-04T11:05:02","modified_gmt":"2026-01-04T16:05:02","slug":"organic-germix-alfalfa-clover-radish","status":"publish","type":"product","link":"https:\/\/germina.ca\/en\/produit2\/organic-germix-alfalfa-clover-radish\/","title":{"rendered":"Germix (Alfalfa, Clover, Radish)"},"content":{"rendered":"<p><strong>Description:<\/strong> Home-made mix much appreciated by our customers! Large and tasty sprouts. Conservation will exceed your expectations<\/p>\n<p><strong>Flavour:<\/strong> Enhanced taste with a crunchy texture<\/p>\n<p><strong>Germination time<\/strong>: 2-3 days<\/p>\n<p><strong>Growing time<\/strong>: 7 days<\/p>\n<p><strong>Suggested culture:<\/strong> Jar sprouter<\/p>\n","protected":false},"excerpt":{"rendered":"<p>The perfect blend to enhance your meals.<\/p>\n<p>FOR GERMINATION<\/p>\n","protected":false},"featured_media":237181,"template":"","meta":{"_et_pb_use_builder":"off","_et_pb_old_content":"<strong>Description<\/strong> : M\u00e9lange maison tr\u00e8s appr\u00e9ci\u00e9 par nos clients! Grosses germinations savoureuses. La conservation surpassera vos attentes\r\n\r\n<strong>Saveur<\/strong> : Go\u00fbt rehauss\u00e9 avec une texture croquante\r\n\r\n<strong>Temps de germination<\/strong> : 2-3 jours\r\n\r\n<strong>Temps de croissance<\/strong> : 7 jours\r\n\r\n<strong>Culture sugg\u00e9r\u00e9<\/strong> : Germination","_et_gb_content_width":""},"product_brand":[],"product_cat":[218,219,224,215],"product_tag":[],"class_list":{"0":"post-237308","1":"product","2":"type-product","3":"status-publish","4":"has-post-thumbnail","6":"product_cat-microgreens","7":"product_cat-mix","8":"product_cat-organic-seeds","9":"product_cat-sprouts","11":"first","12":"instock","13":"shipping-taxable","14":"purchasable","15":"product-type-variable"},"_links":{"self":[{"href":"https:\/\/germina.ca\/en\/wp-json\/wp\/v2\/product\/237308","targetHints":{"allow":["GET"]}}],"collection":[{"href":"https:\/\/germina.ca\/en\/wp-json\/wp\/v2\/product"}],"about":[{"href":"https:\/\/germina.ca\/en\/wp-json\/wp\/v2\/types\/product"}],"wp:featuredmedia":[{"embeddable":true,"href":"https:\/\/germina.ca\/en\/wp-json\/wp\/v2\/media\/237181"}],"wp:attachment":[{"href":"https:\/\/germina.ca\/en\/wp-json\/wp\/v2\/media?parent=237308"}],"wp:term":[{"taxonomy":"product_brand","embeddable":true,"href":"https:\/\/germina.ca\/en\/wp-json\/wp\/v2\/product_brand?post=237308"},{"taxonomy":"product_cat","embeddable":true,"href":"https:\/\/germina.ca\/en\/wp-json\/wp\/v2\/product_cat?post=237308"},{"taxonomy":"product_tag","embeddable":true,"href":"https:\/\/germina.ca\/en\/wp-json\/wp\/v2\/product_tag?post=237308"}],"curies":[{"name":"wp","href":"https:\/\/api.w.org\/{rel}","templated":true}]}}