{"id":237337,"date":"2019-11-29T12:37:05","date_gmt":"2019-11-29T17:37:05","guid":{"rendered":"https:\/\/germina.ca\/produit2\/organic-leek\/"},"modified":"2026-01-05T09:09:21","modified_gmt":"2026-01-05T14:09:21","slug":"organic-leek","status":"publish","type":"product","link":"https:\/\/germina.ca\/en\/produit2\/organic-leek\/","title":{"rendered":"Leek"},"content":{"rendered":"<p><strong>Description: <\/strong>Very fine and long shoot<\/p>\n<p><strong>Flavour<\/strong>: Enhanced and slightly spicy taste<\/p>\n<p><strong>Germination time<\/strong>: 7 days<\/p>\n<p><strong>Growing time<\/strong>: 14 days<\/p>\n<p><strong>Suggested cultivation<\/strong>: Cultivation on potting soil<\/p>\n","protected":false},"excerpt":{"rendered":"<p>Bright green micro-pods with characteristic leek fragrance<\/p>\n<p><strong>FOR MICRO-PODS<\/strong><\/p>\n","protected":false},"featured_media":237179,"template":"","meta":{"_et_pb_use_builder":"off","_et_pb_old_content":"<strong>Description<\/strong> : Longue pousse tr\u00e8s fine\r\n\r\n<strong>Saveur<\/strong> : Gout rehauss\u00e9 et l\u00e9g\u00e8rement piquant\r\n\r\n<strong>Temps de germination<\/strong> : 7 jours\r\n\r\n<strong>Temps de croissance<\/strong> : 14 jours\r\n\r\n<strong>Culture sugg\u00e9r\u00e9<\/strong> : Germination","_et_gb_content_width":""},"product_brand":[],"product_cat":[218,224,216],"product_tag":[],"class_list":{"0":"post-237337","1":"product","2":"type-product","3":"status-publish","4":"has-post-thumbnail","6":"product_cat-microgreens","7":"product_cat-organic-seeds","8":"product_cat-vegetables-and-leaves","10":"first","11":"outofstock","12":"shipping-taxable","13":"purchasable","14":"product-type-variable"},"_links":{"self":[{"href":"https:\/\/germina.ca\/en\/wp-json\/wp\/v2\/product\/237337","targetHints":{"allow":["GET"]}}],"collection":[{"href":"https:\/\/germina.ca\/en\/wp-json\/wp\/v2\/product"}],"about":[{"href":"https:\/\/germina.ca\/en\/wp-json\/wp\/v2\/types\/product"}],"wp:featuredmedia":[{"embeddable":true,"href":"https:\/\/germina.ca\/en\/wp-json\/wp\/v2\/media\/237179"}],"wp:attachment":[{"href":"https:\/\/germina.ca\/en\/wp-json\/wp\/v2\/media?parent=237337"}],"wp:term":[{"taxonomy":"product_brand","embeddable":true,"href":"https:\/\/germina.ca\/en\/wp-json\/wp\/v2\/product_brand?post=237337"},{"taxonomy":"product_cat","embeddable":true,"href":"https:\/\/germina.ca\/en\/wp-json\/wp\/v2\/product_cat?post=237337"},{"taxonomy":"product_tag","embeddable":true,"href":"https:\/\/germina.ca\/en\/wp-json\/wp\/v2\/product_tag?post=237337"}],"curies":[{"name":"wp","href":"https:\/\/api.w.org\/{rel}","templated":true}]}}