{"id":237376,"date":"2019-11-29T11:40:27","date_gmt":"2019-11-29T16:40:27","guid":{"rendered":"https:\/\/germina.ca\/produit2\/organic-black-kale\/"},"modified":"2026-01-05T09:32:58","modified_gmt":"2026-01-05T14:32:58","slug":"organic-black-kale","status":"publish","type":"product","link":"https:\/\/germina.ca\/en\/produit2\/organic-black-kale\/","title":{"rendered":"Kale, black"},"content":{"rendered":"<p><strong>Description<\/strong>: Easy to produce, this shoot is very nutritious<\/p>\n<p><strong>Flavour:<\/strong> Similar taste to the cruciferous family (Cabbage, Broccoli, Cauliflower)<\/p>\n<p><strong>Germination time<\/strong>: 3-4 days<\/p>\n<p><strong>Growing time<\/strong>: 10 days<\/p>\n<p><strong>Suggested culture<\/strong>: Potting Soil and Germination<\/p>\n<p>TIPS FOR GROWING KALE<\/p>\n<p><iframe loading=\"lazy\" title=\"YouTube video player\" src=\"https:\/\/www.youtube.com\/embed\/zMsRmm5b8w4\" width=\"560\" height=\"315\" frameborder=\"0\" allowfullscreen=\"allowfullscreen\"><span data-mce-type=\"bookmark\" style=\"display: inline-block; width: 0px; overflow: hidden; line-height: 0;\" class=\"mce_SELRES_start\"><\/span><\/iframe><\/p>\n","protected":false},"excerpt":{"rendered":"<p>Considered one of the tastiest varieties of kale.<\/p>\n<p><strong>FOR MICROGREENS<\/strong><\/p>\n","protected":false},"featured_media":237168,"template":"","meta":{"_et_pb_use_builder":"on","_et_pb_old_content":"<p><strong>Description<\/strong> : Facile \u00e0 produire, cette pousse est tr\u00e8s nutritive<\/p><p><strong>Saveur<\/strong> : Go\u00fbt reconnaissable \u00e0 la famille des crucif\u00e8res<\/p><p><strong>Temps de germination<\/strong> : 3-4 jours<\/p><p><strong>Temps de croissance<\/strong> : 10 jours<\/p><p><strong>Culture sugg\u00e9r\u00e9<\/strong>\u00a0: Terreau et germination<\/p><p>CONSEILS POUR LA CULTURE DU KALE<\/p><p><iframe title=\"YouTube video player\" src=\"https:\/\/www.youtube.com\/embed\/zMsRmm5b8w4\" width=\"560\" height=\"315\" frameborder=\"0\" allowfullscreen=\"allowfullscreen\"><span data-mce-type=\"bookmark\" style=\"display: inline-block; width: 0px; overflow: hidden; line-height: 0;\" class=\"mce_SELRES_start\">\ufeff<\/span><\/iframe><\/p>","_et_gb_content_width":""},"product_brand":[],"product_cat":[223,218,224,215,216],"product_tag":[],"class_list":{"0":"post-237376","1":"product","2":"type-product","3":"status-publish","4":"has-post-thumbnail","6":"product_cat-baby-leaf","7":"product_cat-microgreens","8":"product_cat-organic-seeds","9":"product_cat-sprouts","10":"product_cat-vegetables-and-leaves","12":"first","13":"instock","14":"shipping-taxable","15":"purchasable","16":"product-type-variable"},"_links":{"self":[{"href":"https:\/\/germina.ca\/en\/wp-json\/wp\/v2\/product\/237376","targetHints":{"allow":["GET"]}}],"collection":[{"href":"https:\/\/germina.ca\/en\/wp-json\/wp\/v2\/product"}],"about":[{"href":"https:\/\/germina.ca\/en\/wp-json\/wp\/v2\/types\/product"}],"wp:featuredmedia":[{"embeddable":true,"href":"https:\/\/germina.ca\/en\/wp-json\/wp\/v2\/media\/237168"}],"wp:attachment":[{"href":"https:\/\/germina.ca\/en\/wp-json\/wp\/v2\/media?parent=237376"}],"wp:term":[{"taxonomy":"product_brand","embeddable":true,"href":"https:\/\/germina.ca\/en\/wp-json\/wp\/v2\/product_brand?post=237376"},{"taxonomy":"product_cat","embeddable":true,"href":"https:\/\/germina.ca\/en\/wp-json\/wp\/v2\/product_cat?post=237376"},{"taxonomy":"product_tag","embeddable":true,"href":"https:\/\/germina.ca\/en\/wp-json\/wp\/v2\/product_tag?post=237376"}],"curies":[{"name":"wp","href":"https:\/\/api.w.org\/{rel}","templated":true}]}}