{"id":237382,"date":"2018-10-18T19:17:59","date_gmt":"2018-10-18T23:17:59","guid":{"rendered":"https:\/\/germina.ca\/produit2\/organic-watercress\/"},"modified":"2026-01-05T09:46:43","modified_gmt":"2026-01-05T14:46:43","slug":"organic-cress","status":"publish","type":"product","link":"https:\/\/germina.ca\/en\/produit2\/organic-cress\/","title":{"rendered":"Organic Cress"},"content":{"rendered":"<p><strong>Description <\/strong>: Mucilaginous seeds that appreciatie moisture. Long, slender shoots with green, serrated foliage<\/p>\n<p><strong>Flavour:<\/strong> Very aromatic and spicy<\/p>\n<p><strong>Germination time<\/strong>: 4 &#8211; 5 days<\/p>\n<p><strong>Growing time<\/strong>: 6 -7 days<\/p>\n","protected":false},"excerpt":{"rendered":"<p>The cress shoots are slender and have a spicy taste.<\/p>\n<p><strong>FOR MICROGREENS<\/strong><\/p>\n","protected":false},"featured_media":237162,"template":"","meta":{"_et_pb_use_builder":"off","_et_pb_old_content":"<strong>Description<\/strong>\u00a0: Graines mucilagineuses appr\u00e9ciant l\u2019humidit\u00e9. Longues pousses fines avec un feuillage vert et dentel\u00e9\r\n\r\n<strong>Saveur<\/strong>\u00a0: Tr\u00e8s aromatis\u00e9e et relev\u00e9e\r\n\r\n<strong>Temps de germination<\/strong>\u00a0: 4 - 5 jours\r\n\r\n<strong>Temps de croissance<\/strong> : 6 -7 jours","_et_gb_content_width":""},"product_brand":[],"product_cat":[213,218,224],"product_tag":[],"class_list":{"0":"post-237382","1":"product","2":"type-product","3":"status-publish","4":"has-post-thumbnail","6":"product_cat-fine-herbs","7":"product_cat-microgreens","8":"product_cat-organic-seeds","10":"first","11":"outofstock","12":"shipping-taxable","13":"purchasable","14":"product-type-variable"},"_links":{"self":[{"href":"https:\/\/germina.ca\/en\/wp-json\/wp\/v2\/product\/237382","targetHints":{"allow":["GET"]}}],"collection":[{"href":"https:\/\/germina.ca\/en\/wp-json\/wp\/v2\/product"}],"about":[{"href":"https:\/\/germina.ca\/en\/wp-json\/wp\/v2\/types\/product"}],"wp:featuredmedia":[{"embeddable":true,"href":"https:\/\/germina.ca\/en\/wp-json\/wp\/v2\/media\/237162"}],"wp:attachment":[{"href":"https:\/\/germina.ca\/en\/wp-json\/wp\/v2\/media?parent=237382"}],"wp:term":[{"taxonomy":"product_brand","embeddable":true,"href":"https:\/\/germina.ca\/en\/wp-json\/wp\/v2\/product_brand?post=237382"},{"taxonomy":"product_cat","embeddable":true,"href":"https:\/\/germina.ca\/en\/wp-json\/wp\/v2\/product_cat?post=237382"},{"taxonomy":"product_tag","embeddable":true,"href":"https:\/\/germina.ca\/en\/wp-json\/wp\/v2\/product_tag?post=237382"}],"curies":[{"name":"wp","href":"https:\/\/api.w.org\/{rel}","templated":true}]}}