{"id":240872,"date":"2024-05-13T11:41:09","date_gmt":"2024-05-13T15:41:09","guid":{"rendered":"https:\/\/germina.ca\/boutique\/organic-mung-bean\/"},"modified":"2026-01-04T09:48:52","modified_gmt":"2026-01-04T14:48:52","slug":"organic-mung-bean","status":"publish","type":"product","link":"https:\/\/germina.ca\/en\/produit2\/organic-mung-bean\/","title":{"rendered":"Beans, Mung"},"content":{"rendered":"","protected":false},"excerpt":{"rendered":"<div class=\"content\" tabindex=\"0\" aria-description=\"\" aria-label=\"Envoy\u00e9 par Copilot : La micro-pousse de f\u00e8ve Mung est un v\u00e9ritable Graal en termes de bienfaits nutritifs. Reconnue pour sa **richesse** en prot\u00e9ines, en fibres et en vitamines, la pousse de f\u00e8ve Mung est ador\u00e9e par les nutritionnistes. Sa d\u00e9licieuse texture croquante et son **go\u00fbt** l\u00e9g\u00e8rement noisette auront de quoi vous faire **tourner** la t\u00eate. En plus, la micro-pousse de f\u00e8ve Mung est rapide \u00e0 germer! Vous ne perdrez pas de temps pour vous laisser tenter par son croquant divin!\">\n<div class=\"ac-container ac-adaptiveCard\">\n<div class=\"ac-textBlock\">\n<p>Mung bean sprouts are the Holy Grail of nutritional benefits. Renowned for its richness in protein, fiber and vitamins, Mung bean sprouts are adored by nutritionists. Its delicious crunchy texture and slightly nutty taste are sure to leave you wanting more. What&#8217;s more, Mung bean sprouts are quick to germinate! You&#8217;ll lose no time in indulging in its divine crunch!    <\/p>\n<\/div>\n<\/div>\n<\/div>\n<p><strong>FOR MICROGREENS<\/strong><\/p>\n","protected":false},"featured_media":240754,"template":"","meta":{"_et_pb_use_builder":"","_et_pb_old_content":"","_et_gb_content_width":""},"product_brand":[],"product_cat":[217,224,215],"product_tag":[],"class_list":{"0":"post-240872","1":"product","2":"type-product","3":"status-publish","4":"has-post-thumbnail","6":"product_cat-legumes-and-cereals","7":"product_cat-organic-seeds","8":"product_cat-sprouts","10":"first","11":"instock","12":"shipping-taxable","13":"purchasable","14":"product-type-variable"},"_links":{"self":[{"href":"https:\/\/germina.ca\/en\/wp-json\/wp\/v2\/product\/240872","targetHints":{"allow":["GET"]}}],"collection":[{"href":"https:\/\/germina.ca\/en\/wp-json\/wp\/v2\/product"}],"about":[{"href":"https:\/\/germina.ca\/en\/wp-json\/wp\/v2\/types\/product"}],"wp:featuredmedia":[{"embeddable":true,"href":"https:\/\/germina.ca\/en\/wp-json\/wp\/v2\/media\/240754"}],"wp:attachment":[{"href":"https:\/\/germina.ca\/en\/wp-json\/wp\/v2\/media?parent=240872"}],"wp:term":[{"taxonomy":"product_brand","embeddable":true,"href":"https:\/\/germina.ca\/en\/wp-json\/wp\/v2\/product_brand?post=240872"},{"taxonomy":"product_cat","embeddable":true,"href":"https:\/\/germina.ca\/en\/wp-json\/wp\/v2\/product_cat?post=240872"},{"taxonomy":"product_tag","embeddable":true,"href":"https:\/\/germina.ca\/en\/wp-json\/wp\/v2\/product_tag?post=240872"}],"curies":[{"name":"wp","href":"https:\/\/api.w.org\/{rel}","templated":true}]}}